{"id":5782,"date":"2021-05-14T06:35:37","date_gmt":"2021-05-14T06:35:37","guid":{"rendered":"https:\/\/new.michalgovrin.com\/%d7%a2%d7%9e%d7%95%d7%93-%d7%94%d7%91%d7%99%d7%aa-%d7%92%d7%9c%d7%a8%d7%99%d7%94-%d7%92%d7%93%d7%95%d7%9c%d7%94\/"},"modified":"2023-06-01T10:56:02","modified_gmt":"2023-06-01T10:56:02","slug":"%d7%a2%d7%9e%d7%95%d7%93-%d7%94%d7%91%d7%99%d7%aa-%d7%92%d7%9c%d7%a8%d7%99%d7%94-%d7%92%d7%93%d7%95%d7%9c%d7%94","status":"publish","type":"page","link":"https:\/\/michalgovrin.com\/fr\/","title":{"rendered":"\u05e2\u05de\u05d5\u05d3 \u05d4\u05d1\u05d9\u05ea \u05d2\u05dc\u05e8\u05d9\u05d4 \u05d2\u05d3\u05d5\u05dc\u05d4"},"content":{"rendered":"\t\t<div data-elementor-type=\"wp-page\" data-elementor-id=\"5782\" class=\"elementor elementor-5782 elementor-1372\" data-elementor-post-type=\"page\">\n\t\t\t\t\t\t<section class=\"elementor-section elementor-top-section elementor-element elementor-element-efd0320 elementor-section-full_width elementor-section-height-default elementor-section-height-default\" data-id=\"efd0320\" data-element_type=\"section\" data-e-type=\"section\">\n\t\t\t\t\t\t<div class=\"elementor-container elementor-column-gap-default\">\n\t\t\t\t\t<div class=\"elementor-column elementor-col-100 elementor-top-column elementor-element elementor-element-3f251c7\" data-id=\"3f251c7\" data-element_type=\"column\" data-e-type=\"column\">\n\t\t\t<div class=\"elementor-widget-wrap elementor-element-populated\">\n\t\t\t\t\t\t<section class=\"elementor-section elementor-inner-section elementor-element elementor-element-8097eaa elementor-section-full_width elementor-section-height-default elementor-section-height-default\" data-id=\"8097eaa\" data-element_type=\"section\" data-e-type=\"section\">\n\t\t\t\t\t\t<div class=\"elementor-container elementor-column-gap-default\">\n\t\t\t\t\t<div class=\"elementor-column elementor-col-33 elementor-inner-column elementor-element elementor-element-85b942f\" data-id=\"85b942f\" data-element_type=\"column\" data-e-type=\"column\">\n\t\t\t<div class=\"elementor-widget-wrap\">\n\t\t\t\t\t\t\t<\/div>\n\t\t<\/div>\n\t\t\t\t<div class=\"elementor-column elementor-col-33 elementor-inner-column elementor-element elementor-element-b4f5e2c\" data-id=\"b4f5e2c\" data-element_type=\"column\" data-e-type=\"column\">\n\t\t\t<div class=\"elementor-widget-wrap elementor-element-populated\">\n\t\t\t\t\t\t<div class=\"elementor-element elementor-element-f75c1a9 elementor--h-position-right elementor--v-position-bottom elementor-arrows-position-inside elementor-widget elementor-widget-slides\" data-id=\"f75c1a9\" data-element_type=\"widget\" data-e-type=\"widget\" data-settings=\"{&quot;navigation&quot;:&quot;arrows&quot;,&quot;autoplay&quot;:&quot;yes&quot;,&quot;autoplay_speed&quot;:5000,&quot;infinite&quot;:&quot;yes&quot;,&quot;transition&quot;:&quot;slide&quot;,&quot;transition_speed&quot;:500}\" data-widget_type=\"slides.default\">\n\t\t\t\t<div class=\"elementor-widget-container\">\n\t\t\t\t\t\t\t\t\t<div class=\"elementor-swiper\">\n\t\t\t\t\t<div class=\"elementor-slides-wrapper elementor-main-swiper swiper\" role=\"region\" aria-roledescription=\"carousel\" aria-label=\"Diapositives\" dir=\"ltr\" data-animation=\"\">\n\t\t\t\t<div class=\"swiper-wrapper elementor-slides\">\n\t\t\t\t\t\t\t\t\t\t<div class=\"elementor-repeater-item-a02d876 swiper-slide\" role=\"group\" aria-roledescription=\"slide\"><div class=\"swiper-slide-bg\" role=\"img\" aria-label=\"scan0007 (3)\"><\/div><a class=\"swiper-slide-inner\" href=\"https:\/\/michalgovrin.com\/%d7%a1%d7%a4%d7%a8%d7%95%d7%aa\/\"><div class=\"swiper-slide-contents\"><div class=\"elementor-slide-heading\">Litt\u00e9rature<\/div><\/div><\/a><\/div><div class=\"elementor-repeater-item-21ea532 swiper-slide\" role=\"group\" aria-roledescription=\"slide\"><div class=\"swiper-slide-bg\" role=\"img\" aria-label=\"\u05e9\u05d9\u05e8\u05d4\"><\/div><a class=\"swiper-slide-inner\" href=\"https:\/\/michalgovrin.com\/%d7%a9%d7%99%d7%a8%d7%94\/\"><div class=\"swiper-slide-contents\"><div class=\"elementor-slide-heading\">Po\u00e9sie<\/div><\/div><\/a><\/div><div class=\"elementor-repeater-item-821af7f swiper-slide\" role=\"group\" aria-roledescription=\"slide\"><div class=\"swiper-slide-bg\" role=\"img\" aria-label=\"scan0005\"><\/div><a class=\"swiper-slide-inner\" href=\"https:\/\/michalgovrin.com\/%d7%a2%d7%99%d7%95%d7%9f\/\"><div class=\"swiper-slide-contents\"><div class=\"elementor-slide-heading\">Pens\u00e9e<\/div><\/div><\/a><\/div><div class=\"elementor-repeater-item-0266f96 swiper-slide\" role=\"group\" aria-roledescription=\"slide\"><div class=\"swiper-slide-bg\" role=\"img\" aria-label=\"\u05e6\u05d9\u05dc\u05d5\u05dd-1\"><\/div><a class=\"swiper-slide-inner\" href=\"https:\/\/michalgovrin.com\/%d7%aa%d7%90%d7%98%d7%a8%d7%95%d7%9f-%d7%95%d7%a7%d7%95%d7%93%d7%a9\/\"><div class=\"swiper-slide-contents\"><div class=\"elementor-slide-heading\">Th\u00e9\u00e2tre et Rituel<\/div><\/div><\/a><\/div><div class=\"elementor-repeater-item-79a4be3 swiper-slide\" role=\"group\" aria-roledescription=\"slide\"><div class=\"swiper-slide-bg\" role=\"img\" aria-label=\"\u05e2\u05d9\u05e6\u05d5\u05d1 \u05d6\u05db\u05e8\u05d5\u05df \u05d4\u05e9\u05d5\u05d0\u05d4 \u05d0\u05d5\u05e4\u05e6\u05d9\u05d4 1\"><\/div><a class=\"swiper-slide-inner\" href=\"https:\/\/michalgovrin.com\/%d7%a2%d7%99%d7%a6%d7%95%d7%91-%d7%96%d7%9b%d7%a8%d7%95%d7%9f-%d7%94%d7%a9%d7%95%d7%90%d7%94\/\"><div class=\"swiper-slide-contents\"><div class=\"elementor-slide-heading\">M\u00e9moire de la Shoah<\/div><\/div><\/a><\/div><div class=\"elementor-repeater-item-ba92f6f swiper-slide\" role=\"group\" aria-roledescription=\"slide\"><div class=\"swiper-slide-bg\" role=\"img\" aria-label=\"\u05d6\u05e8\u05e7\u05d5\u05e8\"><\/div><a class=\"swiper-slide-inner\" href=\"https:\/\/michalgovrin.com\/%d7%96%d7%a8%d7%a7%d7%95%d7%a8\/\"><div class=\"swiper-slide-contents\"><div class=\"elementor-slide-heading\">Spot<\/div><\/div><\/a><\/div><div class=\"elementor-repeater-item-d6125c2 swiper-slide\" role=\"group\" aria-roledescription=\"slide\"><div class=\"swiper-slide-bg\" role=\"img\" aria-label=\"\u05d0\u05d5\u05d3\u05d5\u05ea\"><\/div><a class=\"swiper-slide-inner\" href=\"https:\/\/michalgovrin.com\/%d7%90%d7%95%d7%93%d7%95%d7%aa\/\"><div class=\"swiper-slide-contents\"><div class=\"elementor-slide-heading\">About<\/div><\/div><\/a><\/div>\t\t\t\t<\/div>\n\t\t\t\t\t\t\t\t\t\t\t\t\t\t\t<div class=\"elementor-swiper-button elementor-swiper-button-prev\" role=\"button\" tabindex=\"0\" aria-label=\"Diapositive pr\u00e9c\u00e9dente\">\n\t\t\t\t\t\t\t<svg aria-hidden=\"true\" class=\"e-font-icon-svg e-eicon-chevron-left\" viewBox=\"0 0 1000 1000\" xmlns=\"http:\/\/www.w3.org\/2000\/svg\"><path d=\"M646 125C629 125 613 133 604 142L308 442C296 454 292 471 292 487 292 504 296 521 308 533L604 854C617 867 629 875 646 875 663 875 679 871 692 858 704 846 713 829 713 812 713 796 708 779 692 767L438 487 692 225C700 217 708 204 708 187 708 171 704 154 692 142 675 129 663 125 646 125Z\"><\/path><\/svg>\t\t\t\t\t\t<\/div>\n\t\t\t\t\t\t<div class=\"elementor-swiper-button elementor-swiper-button-next\" role=\"button\" tabindex=\"0\" aria-label=\"Diapositive suivante\">\n\t\t\t\t\t\t\t<svg aria-hidden=\"true\" class=\"e-font-icon-svg e-eicon-chevron-right\" viewBox=\"0 0 1000 1000\" xmlns=\"http:\/\/www.w3.org\/2000\/svg\"><path d=\"M696 533C708 521 713 504 713 487 713 471 708 454 696 446L400 146C388 133 375 125 354 125 338 125 325 129 313 142 300 154 292 171 292 187 292 204 296 221 308 233L563 492 304 771C292 783 288 800 288 817 288 833 296 850 308 863 321 871 338 875 354 875 371 875 388 867 400 854L696 533Z\"><\/path><\/svg>\t\t\t\t\t\t<\/div>\n\t\t\t\t\t\t\t\t\t\t\t\t\t\t\t\t\t<\/div>\n\t\t\t\t<\/div>\n\t\t\t\t\t\t\t\t<\/div>\n\t\t\t\t<\/div>\n\t\t\t\t\t<\/div>\n\t\t<\/div>\n\t\t\t\t<div class=\"elementor-column elementor-col-33 elementor-inner-column elementor-element elementor-element-73b25e7 elementor-hidden-phone\" data-id=\"73b25e7\" data-element_type=\"column\" data-e-type=\"column\">\n\t\t\t<div class=\"elementor-widget-wrap elementor-element-populated\">\n\t\t\t\t\t\t<div class=\"elementor-element elementor-element-e91a7d3 elementor-nav-menu__align-start elementor-widget__width-auto elementor-nav-menu--dropdown-none elementor-widget elementor-widget-nav-menu\" data-id=\"e91a7d3\" data-element_type=\"widget\" data-e-type=\"widget\" data-settings=\"{&quot;layout&quot;:&quot;vertical&quot;,&quot;submenu_icon&quot;:{&quot;value&quot;:&quot;&lt;svg aria-hidden=\\&quot;true\\&quot; class=\\&quot;e-font-icon-svg e-fas-caret-down\\&quot; viewBox=\\&quot;0 0 320 512\\&quot; xmlns=\\&quot;http:\\\/\\\/www.w3.org\\\/2000\\\/svg\\&quot;&gt;&lt;path d=\\&quot;M31.3 192h257.3c17.8 0 26.7 21.5 14.1 34.1L174.1 354.8c-7.8 7.8-20.5 7.8-28.3 0L17.2 226.1C4.6 213.5 13.5 192 31.3 192z\\&quot;&gt;&lt;\\\/path&gt;&lt;\\\/svg&gt;&quot;,&quot;library&quot;:&quot;fa-solid&quot;}}\" data-widget_type=\"nav-menu.default\">\n\t\t\t\t<div class=\"elementor-widget-container\">\n\t\t\t\t\t\t\t\t<nav aria-label=\"Menu\" class=\"elementor-nav-menu--main elementor-nav-menu__container elementor-nav-menu--layout-vertical e--pointer-underline e--animation-fade\">\n\t\t\t\t<ul id=\"menu-1-e91a7d3\" class=\"elementor-nav-menu sm-vertical\"><li class=\"menu-item menu-item-type-taxonomy menu-item-object-post_tag menu-item-7363\"><a href=\"https:\/\/michalgovrin.com\/fr\/tag\/eros-fr\/\" class=\"elementor-item\">\u00c9ros<\/a><\/li>\n<li class=\"menu-item menu-item-type-taxonomy menu-item-object-post_tag menu-item-7364\"><a href=\"https:\/\/michalgovrin.com\/fr\/tag\/feminine\/\" class=\"elementor-item\">F\u00e9minine<\/a><\/li>\n<li class=\"menu-item menu-item-type-taxonomy menu-item-object-post_tag menu-item-7365\"><a href=\"https:\/\/michalgovrin.com\/fr\/tag\/jerusalem-fr\/\" class=\"elementor-item\">J\u00e9rusalem<\/a><\/li>\n<li class=\"menu-item menu-item-type-taxonomy menu-item-object-post_tag menu-item-7366\"><a href=\"https:\/\/michalgovrin.com\/fr\/tag\/mythe\/\" class=\"elementor-item\">Mythe<\/a><\/li>\n<li class=\"menu-item menu-item-type-taxonomy menu-item-object-post_tag menu-item-7367\"><a href=\"https:\/\/michalgovrin.com\/fr\/tag\/anti-martyrologie\/\" class=\"elementor-item\">Anti-martyrologie<\/a><\/li>\n<li class=\"menu-item menu-item-type-taxonomy menu-item-object-post_tag menu-item-7368\"><a href=\"https:\/\/michalgovrin.com\/fr\/tag\/rituel-juif\/\" class=\"elementor-item\">Rituel Juif<\/a><\/li>\n<li class=\"menu-item menu-item-type-taxonomy menu-item-object-post_tag menu-item-7369\"><a href=\"https:\/\/michalgovrin.com\/fr\/tag\/priere\/\" class=\"elementor-item\">Pri\u00e8re<\/a><\/li>\n<li class=\"menu-item menu-item-type-taxonomy menu-item-object-post_tag menu-item-7370\"><a href=\"https:\/\/michalgovrin.com\/fr\/tag\/jachere\/\" class=\"elementor-item\">Jach\u00e8re<\/a><\/li>\n<li class=\"menu-item menu-item-type-taxonomy menu-item-object-post_tag menu-item-7371\"><a href=\"https:\/\/michalgovrin.com\/fr\/tag\/avant-garde-fr\/\" class=\"elementor-item\">Avant-garde<\/a><\/li>\n<li class=\"menu-item menu-item-type-taxonomy menu-item-object-post_tag menu-item-7372\"><a href=\"https:\/\/michalgovrin.com\/fr\/tag\/generations-fr\/\" class=\"elementor-item\">G\u00e9n\u00e9rations<\/a><\/li>\n<li class=\"menu-item menu-item-type-taxonomy menu-item-object-post_tag menu-item-7373\"><a href=\"https:\/\/michalgovrin.com\/fr\/tag\/en-dialogue\/\" class=\"elementor-item\">En dialogue<\/a><\/li>\n<\/ul>\t\t\t<\/nav>\n\t\t\t\t\t\t<nav class=\"elementor-nav-menu--dropdown elementor-nav-menu__container\" aria-hidden=\"true\">\n\t\t\t\t<ul id=\"menu-2-e91a7d3\" class=\"elementor-nav-menu sm-vertical\"><li class=\"menu-item menu-item-type-taxonomy menu-item-object-post_tag menu-item-7363\"><a href=\"https:\/\/michalgovrin.com\/fr\/tag\/eros-fr\/\" class=\"elementor-item\" tabindex=\"-1\">\u00c9ros<\/a><\/li>\n<li class=\"menu-item menu-item-type-taxonomy menu-item-object-post_tag menu-item-7364\"><a href=\"https:\/\/michalgovrin.com\/fr\/tag\/feminine\/\" class=\"elementor-item\" tabindex=\"-1\">F\u00e9minine<\/a><\/li>\n<li class=\"menu-item menu-item-type-taxonomy menu-item-object-post_tag menu-item-7365\"><a href=\"https:\/\/michalgovrin.com\/fr\/tag\/jerusalem-fr\/\" class=\"elementor-item\" tabindex=\"-1\">J\u00e9rusalem<\/a><\/li>\n<li class=\"menu-item menu-item-type-taxonomy menu-item-object-post_tag menu-item-7366\"><a href=\"https:\/\/michalgovrin.com\/fr\/tag\/mythe\/\" class=\"elementor-item\" tabindex=\"-1\">Mythe<\/a><\/li>\n<li class=\"menu-item menu-item-type-taxonomy menu-item-object-post_tag menu-item-7367\"><a href=\"https:\/\/michalgovrin.com\/fr\/tag\/anti-martyrologie\/\" class=\"elementor-item\" tabindex=\"-1\">Anti-martyrologie<\/a><\/li>\n<li class=\"menu-item menu-item-type-taxonomy menu-item-object-post_tag menu-item-7368\"><a href=\"https:\/\/michalgovrin.com\/fr\/tag\/rituel-juif\/\" class=\"elementor-item\" tabindex=\"-1\">Rituel Juif<\/a><\/li>\n<li class=\"menu-item menu-item-type-taxonomy menu-item-object-post_tag menu-item-7369\"><a href=\"https:\/\/michalgovrin.com\/fr\/tag\/priere\/\" class=\"elementor-item\" tabindex=\"-1\">Pri\u00e8re<\/a><\/li>\n<li class=\"menu-item menu-item-type-taxonomy menu-item-object-post_tag menu-item-7370\"><a href=\"https:\/\/michalgovrin.com\/fr\/tag\/jachere\/\" class=\"elementor-item\" tabindex=\"-1\">Jach\u00e8re<\/a><\/li>\n<li class=\"menu-item menu-item-type-taxonomy menu-item-object-post_tag menu-item-7371\"><a href=\"https:\/\/michalgovrin.com\/fr\/tag\/avant-garde-fr\/\" class=\"elementor-item\" tabindex=\"-1\">Avant-garde<\/a><\/li>\n<li class=\"menu-item menu-item-type-taxonomy menu-item-object-post_tag menu-item-7372\"><a href=\"https:\/\/michalgovrin.com\/fr\/tag\/generations-fr\/\" class=\"elementor-item\" tabindex=\"-1\">G\u00e9n\u00e9rations<\/a><\/li>\n<li class=\"menu-item menu-item-type-taxonomy menu-item-object-post_tag menu-item-7373\"><a href=\"https:\/\/michalgovrin.com\/fr\/tag\/en-dialogue\/\" class=\"elementor-item\" tabindex=\"-1\">En dialogue<\/a><\/li>\n<\/ul>\t\t\t<\/nav>\n\t\t\t\t\t\t<\/div>\n\t\t\t\t<\/div>\n\t\t\t\t\t<\/div>\n\t\t<\/div>\n\t\t\t\t\t<\/div>\n\t\t<\/section>\n\t\t\t\t\t<\/div>\n\t\t<\/div>\n\t\t\t\t\t<\/div>\n\t\t<\/section>\n\t\t\t\t<section class=\"elementor-section elementor-top-section elementor-element elementor-element-b0da098 elementor-section-full_width elementor-section-height-default elementor-section-height-default\" data-id=\"b0da098\" data-element_type=\"section\" data-e-type=\"section\">\n\t\t\t\t\t\t<div class=\"elementor-container elementor-column-gap-default\">\n\t\t\t\t\t<div class=\"elementor-column elementor-col-100 elementor-top-column elementor-element elementor-element-7e21c9e\" data-id=\"7e21c9e\" data-element_type=\"column\" data-e-type=\"column\">\n\t\t\t<div class=\"elementor-widget-wrap elementor-element-populated\">\n\t\t\t\t\t\t<div class=\"elementor-element elementor-element-07e41f9 elementor-skin-carousel elementor-widget elementor-widget-media-carousel\" data-id=\"07e41f9\" data-element_type=\"widget\" data-e-type=\"widget\" data-settings=\"{&quot;slides_per_view&quot;:&quot;1&quot;,&quot;skin&quot;:&quot;carousel&quot;,&quot;effect&quot;:&quot;slide&quot;,&quot;speed&quot;:500,&quot;autoplay&quot;:&quot;yes&quot;,&quot;autoplay_speed&quot;:5000,&quot;loop&quot;:&quot;yes&quot;,&quot;pause_on_hover&quot;:&quot;yes&quot;,&quot;pause_on_interaction&quot;:&quot;yes&quot;,&quot;space_between&quot;:{&quot;unit&quot;:&quot;px&quot;,&quot;size&quot;:10,&quot;sizes&quot;:[]},&quot;space_between_tablet&quot;:{&quot;unit&quot;:&quot;px&quot;,&quot;size&quot;:10,&quot;sizes&quot;:[]},&quot;space_between_mobile&quot;:{&quot;unit&quot;:&quot;px&quot;,&quot;size&quot;:10,&quot;sizes&quot;:[]}}\" data-widget_type=\"media-carousel.default\">\n\t\t\t\t<div class=\"elementor-widget-container\">\n\t\t\t\t\t\t\t\t\t<div class=\"elementor-swiper\">\n\t\t\t\t\t<div class=\"elementor-main-swiper swiper\" role=\"region\" aria-roledescription=\"carousel\" aria-label=\"Diapositives\">\n\t\t\t\t<div class=\"swiper-wrapper\">\n\t\t\t\t\t\t\t\t\t\t\t<div class=\"swiper-slide\" role=\"group\" aria-roledescription=\"slide\">\n\t\t\t\t\t\t\t\t\t<div class=\"elementor-carousel-image\" role=\"img\" aria-label=\"michal govrin icon_1\" style=\"background-image: url(&#039;https:\/\/michalgovrin.com\/wp-content\/uploads\/2021\/02\/michal-govrin-icon_1.png&#039;)\">\n\n\t\t\t\n\t\t\t\t\t<\/div>\n\t\t\t\t\t\t\t\t<\/div>\n\t\t\t\t\t\t\t\t\t<\/div>\n\t\t\t\t\t\t\t<\/div>\n\t\t\t\t<\/div>\n\t\t\t\t\t\t\t\t<\/div>\n\t\t\t\t<\/div>\n\t\t\t\t<div class=\"elementor-element elementor-element-f267aed elementor-widget elementor-widget-text-editor\" data-id=\"f267aed\" data-element_type=\"widget\" data-e-type=\"widget\" data-widget_type=\"text-editor.default\">\n\t\t\t\t<div class=\"elementor-widget-container\">\n\t\t\t\t\t\t\t\t\t<p style=\"direction: ltr;\"><strong>Tous droits r\u00e9serv\u00e9s \u00e0 Michal Govrin 2021 | <\/strong><a href=\"#contact-us\"><strong>Contact<\/strong><\/a><\/p><p style=\"direction: ltr;\"><strong>Gestion de projet : Eden Kramer et Benjamin Singer | Conception et d\u00e9veloppement : <a href=\"http:\/\/sofi.coop\">sofi.coop<\/a><\/strong><\/p><p style=\"direction: ltr;\">Cr\u00e9dits pour les images sur la page d&rsquo;accueil : Noah Varshavsky (Biographie), Frieda Klapholtz-Avrahimi (Spot), Orit Livne (M\u00e9moire de la Shoah), HaBima Archive (Th\u00e9\u00e2tre et rituels), Michal Govrin.<\/p>\t\t\t\t\t\t\t\t<\/div>\n\t\t\t\t<\/div>\n\t\t\t\t\t<\/div>\n\t\t<\/div>\n\t\t\t\t\t<\/div>\n\t\t<\/section>\n\t\t\t\t<\/div>\n\t\t","protected":false},"excerpt":{"rendered":"<p>Litt\u00e9raturePo\u00e9siePens\u00e9eTh\u00e9\u00e2tre et RituelM\u00e9moire de la ShoahSpotAbout \u05d4\u05e7\u05d5\u05d3\u05dd \u05d4\u05d1\u05d0 Tous droits r\u00e9serv\u00e9s \u00e0 Michal Govrin 2021 | Contact Gestion de projet : Eden Kramer et Benjamin Singer | Conception et d\u00e9veloppement : sofi.coop Cr\u00e9dits pour les images sur la page d&rsquo;accueil : Noah Varshavsky (Biographie), Frieda Klapholtz-Avrahimi (Spot), Orit Livne (M\u00e9moire de la Shoah), HaBima Archive [&hellip;]<\/p>\n","protected":false},"author":2,"featured_media":0,"parent":0,"menu_order":0,"comment_status":"closed","ping_status":"closed","template":"","meta":{"_acf_changed":false,"footnotes":""},"class_list":["post-5782","page","type-page","status-publish","hentry"],"acf":[],"_links":{"self":[{"href":"https:\/\/michalgovrin.com\/fr\/wp-json\/wp\/v2\/pages\/5782","targetHints":{"allow":["GET"]}}],"collection":[{"href":"https:\/\/michalgovrin.com\/fr\/wp-json\/wp\/v2\/pages"}],"about":[{"href":"https:\/\/michalgovrin.com\/fr\/wp-json\/wp\/v2\/types\/page"}],"author":[{"embeddable":true,"href":"https:\/\/michalgovrin.com\/fr\/wp-json\/wp\/v2\/users\/2"}],"replies":[{"embeddable":true,"href":"https:\/\/michalgovrin.com\/fr\/wp-json\/wp\/v2\/comments?post=5782"}],"version-history":[{"count":10,"href":"https:\/\/michalgovrin.com\/fr\/wp-json\/wp\/v2\/pages\/5782\/revisions"}],"predecessor-version":[{"id":7962,"href":"https:\/\/michalgovrin.com\/fr\/wp-json\/wp\/v2\/pages\/5782\/revisions\/7962"}],"wp:attachment":[{"href":"https:\/\/michalgovrin.com\/fr\/wp-json\/wp\/v2\/media?parent=5782"}],"curies":[{"name":"wp","href":"https:\/\/api.w.org\/{rel}","templated":true}]}}